{"id":9,"date":"2021-10-14T17:53:48","date_gmt":"2021-10-14T17:53:48","guid":{"rendered":"https:\/\/whcisupply.com\/?page_id=9"},"modified":"2024-12-12T18:49:21","modified_gmt":"2024-12-12T18:49:21","slug":"about","status":"publish","type":"page","link":"https:\/\/whcisupply.com\/es\/about\/","title":{"rendered":"Acerca de"},"content":{"rendered":"<h2 style=\"font-size: 3em; color: #404349;\">ACERCA DE<\/h2>\n<h2 style=\"font-size: 5em; margin-top: -35px;\">WHCI<\/h2>\n<p>Como l\u00edder en suministros de plomer\u00eda, cocina, ba\u00f1o y accesorios de iluminaci\u00f3n, tenemos los productos adecuados para ayudar al profesional y al propietario del \u00c1rea de la Bah\u00eda. Nuestro equipo est\u00e1 listo para ayudar. Estamos orgullosos de ser parte de la familia Hajoca, una tradici\u00f3n en plomer\u00eda que se remonta a 1858.<\/p>\n<p>Atribuimos nuestro \u00e9xito a dos verdades simples: una filosof\u00eda empresarial \u00fanica y personas talentosas. Un buen servicio al cliente significa calidad de trabajo; servicio al cliente excepcional significa calidad de las personas. Los miembros de nuestro equipo son entusiastas, impulsados a sobresalir y firmes en su compromiso con el servicio, la integridad y la confiabilidad. Tambi\u00e9n son sus vecinos y amigos. Entienden sus necesidades \u00fanicas porque han vivido en su comunidad durante a\u00f1os.<\/p>\n<p>Nuestras 7 ubicaciones, incluidas nuestras 3 salas de exposici\u00f3n AquaBella, est\u00e1n aqu\u00ed para servirle. Nadie lo hace mejor.<\/p>\n<p>\t\t\t<a href=\"https:\/\/whcisupply.com\/es\/locations\/\" role=\"button\"><br \/>\n\t\t\t\t\t\tVer NUESTRAS UBICACIONES<br \/>\n\t\t\t\t\t<\/a><br \/>\n\t\t\t<a href=\"https:\/\/whcisupply.com\/es\/products\/\" role=\"button\"><br \/>\n\t\t\t\t\t\tVer nuestros productos<br \/>\n\t\t\t\t\t<\/a><\/p>\n<h2 style=\"font-size: 3em; color: #404349;\">WHCI<\/h2>\n<h2 style=\"font-size: 5em; margin-top: -35px;\">DEVUELVE<\/h2>\n<p>WHCI cree en ser un buen socio corporativo: apoyar a nuestra industria y causas valiosas que coincidan con los valores de nuestra empresa. Lea m\u00e1s sobre nuestros esfuerzos para retribuir a nuestra industria y nuestra comunidad a continuaci\u00f3n.<\/p>","protected":false},"excerpt":{"rendered":"<p>ACERCA DE WHCI Como l\u00edder en suministros de plomer\u00eda, cocina, ba\u00f1o y accesorios de iluminaci\u00f3n, tenemos los productos adecuados para ayudar al profesional y al propietario del \u00c1rea de la Bah\u00eda. Nuestro equipo est\u00e1 listo para ayudar. Estamos orgullosos de ser parte de la familia Hajoca, una tradici\u00f3n en plomer\u00eda que se remonta a 1858. Atribuimos nuestro \u00e9xito [\u2026]<\/p>","protected":false},"author":1,"featured_media":0,"parent":0,"menu_order":0,"comment_status":"closed","ping_status":"closed","template":"elementor_header_footer","meta":{"footnotes":""},"class_list":["post-9","page","type-page","status-publish","hentry"],"_links":{"self":[{"href":"https:\/\/whcisupply.com\/es\/wp-json\/wp\/v2\/pages\/9","targetHints":{"allow":["GET"]}}],"collection":[{"href":"https:\/\/whcisupply.com\/es\/wp-json\/wp\/v2\/pages"}],"about":[{"href":"https:\/\/whcisupply.com\/es\/wp-json\/wp\/v2\/types\/page"}],"author":[{"embeddable":true,"href":"https:\/\/whcisupply.com\/es\/wp-json\/wp\/v2\/users\/1"}],"replies":[{"embeddable":true,"href":"https:\/\/whcisupply.com\/es\/wp-json\/wp\/v2\/comments?post=9"}],"version-history":[{"count":32,"href":"https:\/\/whcisupply.com\/es\/wp-json\/wp\/v2\/pages\/9\/revisions"}],"predecessor-version":[{"id":675,"href":"https:\/\/whcisupply.com\/es\/wp-json\/wp\/v2\/pages\/9\/revisions\/675"}],"wp:attachment":[{"href":"https:\/\/whcisupply.com\/es\/wp-json\/wp\/v2\/media?parent=9"}],"curies":[{"name":"wp","href":"https:\/\/api.w.org\/{rel}","templated":true}]}}