{"id":8,"date":"2021-10-14T17:53:48","date_gmt":"2021-10-14T17:53:48","guid":{"rendered":"https:\/\/whcisupply.com\/?page_id=8"},"modified":"2021-10-14T17:53:48","modified_gmt":"2021-10-14T17:53:48","slug":"create-your-website-with-blocks","status":"publish","type":"page","link":"https:\/\/whcisupply.com\/es\/create-your-website-with-blocks\/","title":{"rendered":"Crea tu sitio web con bloques"},"content":{"rendered":"<h2 class=\"alignwide has-text-align-wide has-gigantic-font-size wp-block-heading\" style=\"line-height:1.1\">Crea tu sitio web con bloques<\/h2>\n\t\t\t\t\t\n\n\t\t\t\t\t\n\t\t\t\t\t<div style=\"height:100px\" aria-hidden=\"true\" class=\"wp-block-spacer\"><\/div>\n\t\t\t\t\t\n\n\t\t\t\t\t\n\t\t\t\t\t<div class=\"wp-block-columns alignwide are-vertically-aligned-center is-style-twentytwentyone-columns-overlap is-layout-flex wp-container-core-columns-is-layout-9d6595d7 wp-block-columns-is-layout-flex\">\n\t\t\t\t\t<div class=\"wp-block-column is-vertically-aligned-center is-layout-flow wp-block-column-is-layout-flow\">\n\t\t\t\t\t<figure class=\"wp-block-image alignfull size-large\"><img decoding=\"async\" src=\"https:\/\/whcisupply.com\/wp-content\/themes\/twentytwentyone\/assets\/images\/roses-tremieres-hollyhocks-1884.jpg\" alt=\"&#8220;Roses Tr\u00e9mi\u00e8res&#8221; by Berthe Morisot\"\/><\/figure>\n\t\t\t\t\t\n\n\t\t\t\t\t\n\t\t\t\t\t<div style=\"height:100px\" aria-hidden=\"true\" class=\"wp-block-spacer\"><\/div>\n\t\t\t\t\t\n\n\t\t\t\t\t\n\t\t\t\t\t<figure class=\"wp-block-image alignfull size-large is-style-twentytwentyone-image-frame\"><img decoding=\"async\" src=\"https:\/\/whcisupply.com\/wp-content\/themes\/twentytwentyone\/assets\/images\/in-the-bois-de-boulogne.jpg\" alt=\"&#8220;In the Bois de Boulogne&#8221; by Berthe Morisot\"\/><\/figure>\n\t\t\t\t\t<\/div>\n\t\t\t\t\t\n\n\t\t\t\t\t\n\t\t\t\t\t<div class=\"wp-block-column is-vertically-aligned-center is-layout-flow wp-block-column-is-layout-flow\">\n\t\t\t\t\t<div style=\"height:100px\" aria-hidden=\"true\" class=\"wp-block-spacer\"><\/div>\n\t\t\t\t\t\n\n\t\t\t\t\t\n\t\t\t\t\t<figure class=\"wp-block-image size-large alignfull size-full is-style-twentytwentyone-border\"><img decoding=\"async\" src=\"https:\/\/whcisupply.com\/wp-content\/themes\/twentytwentyone\/assets\/images\/young-woman-in-mauve.jpg\" alt=\"&#8220;Young Woman in Mauve&#8221; by Berthe Morisot\"\/><\/figure>\n\t\t\t\t\t<\/div>\n\t\t\t\t\t<\/div>\n\t\t\t\t\t\n\n\t\t\t\t\t\n\t\t\t\t\t<div style=\"height:50px\" aria-hidden=\"true\" class=\"wp-block-spacer\"><\/div>\n\t\t\t\t\t\n\n\t\t\t\t\t\n\t\t\t\t\t<div class=\"wp-block-columns alignwide are-vertically-aligned-top is-layout-flex wp-container-core-columns-is-layout-9d6595d7 wp-block-columns-is-layout-flex\">\n\t\t\t\t\t<div class=\"wp-block-column is-vertically-aligned-top is-layout-flow wp-block-column-is-layout-flow\">\n\t\t\t\t\t<h3 class=\"wp-block-heading\">Agregar patrones de bloques<\/h3>\n\t\t\t\t\t\n\n\t\t\t\t\t\n\t\t\t\t\t<p>Los patrones de bloques son grupos de bloques predise\u00f1ados. Para agregar uno, seleccione el bot\u00f3n Agregar bloque [+] en la barra de herramientas en la parte superior del editor. Cambie a la pesta\u00f1a Patrones debajo de la barra de b\u00fasqueda y elija un patr\u00f3n.<\/p>\n\t\t\t\t\t<\/div>\n\t\t\t\t\t\n\n\t\t\t\t\t\n\t\t\t\t\t<div class=\"wp-block-column is-vertically-aligned-top is-layout-flow wp-block-column-is-layout-flow\">\n\t\t\t\t\t<h3 class=\"wp-block-heading\">Enmarca tus im\u00e1genes<\/h3>\n\t\t\t\t\t\n\n\t\t\t\t\t\n\t\t\t\t\t<p>Twenty Twenty-One incluye bordes elegantes para su contenido. Con un bloque de imagen seleccionado, abra el panel &quot;Estilos&quot; dentro de la barra lateral del Editor. Seleccione el estilo de bloque &quot;Marco&quot; para activarlo.<\/p>\n\t\t\t\t\t<\/div>\n\t\t\t\t\t\n\n\t\t\t\t\t\n\t\t\t\t\t<div class=\"wp-block-column is-vertically-aligned-top is-layout-flow wp-block-column-is-layout-flow\">\n\t\t\t\t\t<h3 class=\"wp-block-heading\">Columnas superpuestas<\/h3>\n\t\t\t\t\t\n\n\t\t\t\t\t\n\t\t\t\t\t<p>Twenty Twenty-One tambi\u00e9n incluye un estilo superpuesto para bloques de columnas. Con un bloque Columnas seleccionado, abra el panel &quot;Estilos&quot; dentro de la barra lateral del Editor. Elija el estilo de bloque &quot;Superposici\u00f3n&quot; para probarlo.<\/p>\n\t\t\t\t\t<\/div>\n\t\t\t\t\t<\/div>\n\t\t\t\t\t\n\n\t\t\t\t\t\n\t\t\t\t\t<div style=\"height:100px\" aria-hidden=\"true\" class=\"wp-block-spacer\"><\/div>\n\t\t\t\t\t\n\n\t\t\t\t\t\n\t\t\t\t\t<div class=\"wp-block-cover alignwide has-green-background-color has-background-dim is-style-twentytwentyone-border\"><div class=\"wp-block-cover__inner-container is-layout-flow wp-block-cover-is-layout-flow\">\n\t\t\t\t\t<div style=\"height:20px\" aria-hidden=\"true\" class=\"wp-block-spacer\"><\/div>\n\t\t\t\t\t\n\n\t\t\t\t\t\n\t\t\t\t\t<p class=\"has-huge-font-size\">\u00bfNecesitas ayuda?<\/p>\n\t\t\t\t\t\n\n\t\t\t\t\t\n\t\t\t\t\t<div style=\"height:75px\" aria-hidden=\"true\" class=\"wp-block-spacer\"><\/div>\n\t\t\t\t\t\n\n\t\t\t\t\t\n\t\t\t\t\t<div class=\"wp-block-columns is-layout-flex wp-container-core-columns-is-layout-9d6595d7 wp-block-columns-is-layout-flex\">\n\t\t\t\t\t<div class=\"wp-block-column is-layout-flow wp-block-column-is-layout-flow\">\n\t\t\t\t\t<p><a href=\"https:\/\/wordpress.org\/support\/article\/twenty-twenty-one\/\">Lea la documentaci\u00f3n del tema<\/a><\/p>\n\t\t\t\t\t<\/div>\n\t\t\t\t\t\n\n\t\t\t\t\t\n\t\t\t\t\t<div class=\"wp-block-column is-layout-flow wp-block-column-is-layout-flow\">\n\t\t\t\t\t<p><a href=\"https:\/\/wordpress.org\/support\/theme\/twentytwentyone\/\">Consulte los foros de soporte<\/a><\/p>\n\t\t\t\t\t<\/div>\n\t\t\t\t\t<\/div>\n\t\t\t\t\t\n\n\t\t\t\t\t\n\t\t\t\t\t<div style=\"height:20px\" aria-hidden=\"true\" class=\"wp-block-spacer\"><\/div>\n\t\t\t\t\t<\/div><\/div>","protected":false},"excerpt":{"rendered":"<p>Crea tu sitio web con bloques Agrega patrones de bloques Los patrones de bloques son grupos de bloques predise\u00f1ados. Para agregar uno, seleccione el bot\u00f3n Agregar bloque [+] en la barra de herramientas en la parte superior del editor. Cambie a la pesta\u00f1a Patrones debajo de la barra de b\u00fasqueda y elija un patr\u00f3n. Enmarca tus im\u00e1genes Twenty Twenty-One incluye elegantes bordes para [\u2026]<\/p>","protected":false},"author":1,"featured_media":0,"parent":0,"menu_order":0,"comment_status":"closed","ping_status":"closed","template":"","meta":{"footnotes":""},"class_list":["post-8","page","type-page","status-publish","hentry"],"_links":{"self":[{"href":"https:\/\/whcisupply.com\/es\/wp-json\/wp\/v2\/pages\/8","targetHints":{"allow":["GET"]}}],"collection":[{"href":"https:\/\/whcisupply.com\/es\/wp-json\/wp\/v2\/pages"}],"about":[{"href":"https:\/\/whcisupply.com\/es\/wp-json\/wp\/v2\/types\/page"}],"author":[{"embeddable":true,"href":"https:\/\/whcisupply.com\/es\/wp-json\/wp\/v2\/users\/1"}],"replies":[{"embeddable":true,"href":"https:\/\/whcisupply.com\/es\/wp-json\/wp\/v2\/comments?post=8"}],"version-history":[{"count":1,"href":"https:\/\/whcisupply.com\/es\/wp-json\/wp\/v2\/pages\/8\/revisions"}],"predecessor-version":[{"id":16,"href":"https:\/\/whcisupply.com\/es\/wp-json\/wp\/v2\/pages\/8\/revisions\/16"}],"wp:attachment":[{"href":"https:\/\/whcisupply.com\/es\/wp-json\/wp\/v2\/media?parent=8"}],"curies":[{"name":"wp","href":"https:\/\/api.w.org\/{rel}","templated":true}]}}