{"id":547,"date":"2022-01-28T17:28:56","date_gmt":"2022-01-28T17:28:56","guid":{"rendered":"https:\/\/whcisupply.com\/?page_id=547"},"modified":"2022-01-28T17:28:56","modified_gmt":"2022-01-28T17:28:56","slug":"ca-privacy-policy","status":"publish","type":"page","link":"https:\/\/whcisupply.com\/es\/ca-privacy-policy\/","title":{"rendered":"Pol\u00edtica de privacidad de CA"},"content":{"rendered":"<p>Esta Pol\u00edtica de privacidad explica:<br>los tipos de informaci\u00f3n que recopilamos a trav\u00e9s de nuestros Servicios<br>c\u00f3mo usamos y protegemos esa informaci\u00f3n<br>los tipos de informaci\u00f3n que podemos compartir con otros y bajo qu\u00e9 circunstancias<br>las opciones que tiene con respecto a nuestras pr\u00e1cticas de recopilaci\u00f3n, uso y uso compartido<br>detalles sobre nuestro uso de cookies de terceros y otras tecnolog\u00edas de seguimiento<br>Tambi\u00e9n incluimos divulgaciones espec\u00edficas para los residentes de California.<\/p>\n\n\n\n<p>Esta Pol\u00edtica se aplica a todo el sitio web de WHCI-Hajoca, as\u00ed como a los sitios y identificadores de redes sociales, su direcci\u00f3n de correo electr\u00f3nico, los correos electr\u00f3nicos que enviamos, as\u00ed como la informaci\u00f3n que recopilamos cuando interact\u00faa con nosotros a trav\u00e9s de otros servicios en l\u00ednea. Revise las pol\u00edticas de privacidad en esos sitios web y aplicaciones directamente para comprender sus pr\u00e1cticas de privacidad.<br>Si tiene preguntas sobre nuestras pr\u00e1cticas de privacidad, cont\u00e1ctenos en:<br>WHCI&nbsp;<br>2900 V\u00cdA VOLPEY<br>CIUDAD DE LA UNI\u00d3N, CA 94587<br>OBTENER LAS DIRECCIONES<br>SUMINISTRO DE FONTANER\u00cdA WHCI<br>Tel\u00e9fono: 510-471-5757<br>&nbsp;Informaci\u00f3n que recopilamos<br>Informaci\u00f3n que nos brinda: algunos de los Servicios pueden incluir caracter\u00edsticas o servicios que le permiten ingresar informaci\u00f3n de contacto y otra informaci\u00f3n sobre usted. Recopilamos y almacenamos cualquier informaci\u00f3n que ingrese en nuestros Servicios. Esto incluye:<\/p>\n\n\n\n<p>Informaci\u00f3n de contacto como su direcci\u00f3n de correo electr\u00f3nico y n\u00famero de tel\u00e9fono e informaci\u00f3n demogr\u00e1fica al registrarse para usar nuestros Servicios.<br>Informaci\u00f3n de pago e informaci\u00f3n de contacto asociada al realizar una transacci\u00f3n en nuestro sitio web. Para env\u00edos internacionales, es posible que debamos recopilar n\u00fameros de identificaci\u00f3n de importaci\u00f3n especiales para fines aduaneros.<br>Informaci\u00f3n de la direcci\u00f3n de correo electr\u00f3nico al suscribirse a nuestros correos electr\u00f3nicos.<br>Cualquier informaci\u00f3n o datos que proporcione al interactuar en nuestro chat, al enviar una revisi\u00f3n del producto o al comentar el contenido publicado en nuestros Servicios.<br>Informaci\u00f3n que proporciona cuando completa una encuesta administrada por nosotros o un proveedor de servicios que act\u00faa en nuestro nombre.<br>Si se comunica con nosotros, podemos mantener un registro de esa correspondencia y cualquier informaci\u00f3n de contacto proporcionada. Grabamos las conversaciones telef\u00f3nicas con nuestro centro de atenci\u00f3n al cliente con fines de mantenimiento de registros, capacitaci\u00f3n y control de calidad.<br>Informaci\u00f3n que recopilamos de otros: podemos recibir informaci\u00f3n sobre usted de terceros para permitirnos ofrecer ofertas de servicios conjuntos o informarle sobre productos que creemos que pueden interesarle. Esto incluye:<\/p>\n\n\n\n<p>Informaci\u00f3n de contacto e informaci\u00f3n sobre su transacci\u00f3n si compra uno de nuestros productos a un vendedor externo.<br>Informaci\u00f3n sobre usted, incluida la direcci\u00f3n postal o la direcci\u00f3n de correo electr\u00f3nico y otra informaci\u00f3n sobre sus posibles intereses y datos demogr\u00e1ficos, para enviarle cat\u00e1logos, ofertas de productos u ofertas promocionales. Tambi\u00e9n podemos enviarle ofertas de tarjetas de cr\u00e9dito de marca privada basadas en la informaci\u00f3n demogr\u00e1fica que recibimos.<br>Informaci\u00f3n de contacto de alguien que conoce que compr\u00f3 un producto para usted o proporcion\u00f3 su informaci\u00f3n a trav\u00e9s de un programa de referencia.<br>Informaci\u00f3n que recopilamos autom\u00e1ticamente: cuando interact\u00faa con los Servicios, cierta informaci\u00f3n sobre su uso de nuestros Servicios se recopila autom\u00e1ticamente. Gran parte de esta informaci\u00f3n se recopila a trav\u00e9s de cookies, balizas web y otras tecnolog\u00edas de seguimiento, as\u00ed como a trav\u00e9s de su navegador web o dispositivo. Esto incluye:<\/p>\n\n\n\n<p>Detalles de sus visitas a cualquiera de nuestros sitios web e informaci\u00f3n generada en el curso del uso de nuestro sitio (incluido el momento, la frecuencia y el patr\u00f3n de uso del servicio), incluidos, entre otros, datos de tr\u00e1fico, datos de ubicaci\u00f3n, weblogs y otros datos de comunicaci\u00f3n. , los recursos a los que accede y c\u00f3mo lleg\u00f3 a nuestro sitio.<br>Detalles sobre el dispositivo que utiliza para acceder a nuestros Servicios, incluidos, entre otros, su direcci\u00f3n IP, sistema operativo y tipo de navegador.<br>Informaci\u00f3n sobre c\u00f3mo interact\u00faa con nuestros anuncios y boletines, incluso si abre o hace clic en enlaces en cualquier correspondencia.<br>Informaci\u00f3n que pone a nuestra disposici\u00f3n en una plataforma de redes sociales (como al hacer clic en un icono de red social vinculado desde nuestros Servicios), incluida su ID de cuenta o nombre de usuario y otra informaci\u00f3n incluida en sus publicaciones.<br>C\u00f3mo usamos y protegemos su informaci\u00f3n<br>Podemos utilizar la informaci\u00f3n que recopilamos de usted para los siguientes prop\u00f3sitos:<\/p>\n\n\n\n<p>Para proporcionarle nuestros productos y servicios, lo que incluye tomar medidas para realizar transacciones de venta o servicios, procesar pagos, completar pedidos y enviar comunicaciones de servicio. Para habilitar funciones adicionales en nuestros Servicios y brindarle un servicio personalizado.<br>Para notificarle sobre productos, servicios y promociones que puedan ser de su inter\u00e9s, incluso mediante el env\u00edo de mensajes de texto y comunicaciones por correo electr\u00f3nico. Para operar nuestros programas de beneficios y recompensas para clientes, lo que incluye inscribirlo cuando lo solicite y brindarle actualizaciones sobre su cuenta de recompensas.<br>Para crear audiencias personalizadas en los sitios de redes sociales.<br>Para brindarle el mejor servicio y mejorar y hacer crecer nuestro negocio, incluida la comprensi\u00f3n de nuestra base de clientes y las tendencias de compra, y la comprensi\u00f3n de la efectividad de nuestro marketing y la publicidad personalizada para usted.<br>Para detectar, investigar y prevenir actividades que puedan violar nuestras pol\u00edticas o ser fraudulentas o ilegales, y para cumplir con los requisitos legales con respecto a la provisi\u00f3n de productos y servicios.<br>C\u00f3mo protegemos la informaci\u00f3n que recopilamos de usted o sobre usted<\/p>\n\n\n\n<p>Utilizamos una combinaci\u00f3n de medidas de seguridad f\u00edsicas, t\u00e9cnicas y administrativas para proteger la informaci\u00f3n que recopilamos a trav\u00e9s de los Servicios. Si bien utilizamos estas precauciones para salvaguardar su informaci\u00f3n, no podemos garantizar la seguridad de las redes, sistemas, servidores, dispositivos y bases de datos que operamos o que operan en nuestro nombre.<\/p>\n\n\n\n<p>Nuestro intercambio de su informaci\u00f3n<br>Proveedores de servicios: contratamos a proveedores para que realicen funciones en nuestro nombre, como: sitios web, software y almacenamiento de datos, gesti\u00f3n de contenido, comunicaciones con los clientes, gesti\u00f3n de bases de datos, integraci\u00f3n t\u00e9cnica, automatizaci\u00f3n de marketing, an\u00e1lisis, optimizaci\u00f3n de sitios web, realizaci\u00f3n de encuestas a clientes, env\u00edo y procesando pago.<\/p>\n\n\n\n<p>Hay circunstancias limitadas en las que el proveedor de servicios recopila datos directamente de usted cuando tambi\u00e9n se pueden aplicar sus pol\u00edticas de privacidad.<br>Plataformas de redes sociales: cuando elige interactuar con nosotros a trav\u00e9s de las redes sociales, su interacci\u00f3n con estos programas generalmente permite que el tercero recopile cierta informaci\u00f3n sobre usted a trav\u00e9s de cookies digitales que colocan en su dispositivo y otros mecanismos de seguimiento. En algunos casos, el tercero puede reconocerlo a trav\u00e9s de sus cookies digitales incluso cuando no interact\u00faa con su aplicaci\u00f3n. Visite las respectivas pol\u00edticas de privacidad de los terceros para comprender mejor sus pr\u00e1cticas de recopilaci\u00f3n de datos y los controles que ponen a su disposici\u00f3n.<\/p>\n\n\n\n<p>Terceros involucrados en la publicidad: Nos asociamos con terceros que nos ayudan a brindar publicidad relacionada con los Servicios a otras personas que puedan estar interesadas en los Servicios. Tambi\u00e9n nos asociamos con terceros que utilizan cookies para mostrarle publicidad basada en intereses en los Servicios. Estos terceros pueden usar tecnolog\u00edas de seguimiento en nuestros sitios web para recopilar o recibir informaci\u00f3n de los servicios y de otros lugares en Internet y usar esa informaci\u00f3n para proporcionar servicios de medici\u00f3n y anuncios dirigidos. Estos terceros pueden permitir que otras empresas accedan a su informaci\u00f3n para que puedan comercializar otros productos que le puedan interesar. Muchas empresas de publicidad digital publican sus pr\u00e1cticas de privacidad en l\u00ednea y pueden ofrecerle opciones para controlar su informaci\u00f3n.<br>Podemos compartir su direcci\u00f3n postal directamente con otras empresas que pueden venderle servicios de su inter\u00e9s. Estas empresas se limitan a utilizar la direcci\u00f3n una vez para un env\u00edo.<br>Informaci\u00f3n adicional sobre nuestras pr\u00e1cticas de recopilaci\u00f3n e intercambio de datos<br>Informaci\u00f3n relacionada con los ni\u00f1os: creemos que es importante salvaguardar la privacidad de los ni\u00f1os y animar a los padres a controlar peri\u00f3dicamente el uso de las actividades en l\u00ednea por parte de sus hijos. Debe tener 18 a\u00f1os o m\u00e1s para usar este sitio web o cualquiera de nuestros servicios. No recopilamos a sabiendas informaci\u00f3n personal de ni\u00f1os menores de 18 a\u00f1os.&nbsp;<\/p>\n\n\n\n<p>Divulgaciones legales: si estamos obligados a divulgar informaci\u00f3n del cliente de conformidad con solicitudes legales, como citaciones u \u00f3rdenes judiciales, en respuesta a una consulta policial o en cumplimiento de las leyes aplicables, haremos dicha divulgaci\u00f3n. Tambi\u00e9n podemos compartir informaci\u00f3n con las autoridades legales y otras empresas con fines de protecci\u00f3n contra el fraude.<\/p>\n\n\n\n<p>Intercambio de datos agregados: podemos analizar datos agregados no identificados y compartir estos an\u00e1lisis a nuestra discreci\u00f3n, incluso con agencias de marketing, agencias de medios y proveedores de an\u00e1lisis. Estos terceros no podr\u00e1n relacionar estos datos con personas f\u00edsicas identificables.<\/p>\n\n\n\n<p>Combinaci\u00f3n de informaci\u00f3n: Podemos combinar informaci\u00f3n de los Servicios junto con otra informaci\u00f3n que obtengamos de nuestros registros comerciales. Adem\u00e1s, la informaci\u00f3n recopilada sobre usted desde un navegador o dispositivo en particular puede estar vinculada a la informaci\u00f3n recopilada desde otra computadora o dispositivo que creemos que se relaciona con usted.<\/p>\n\n\n\n<p>Datos personales recopilados de usted acerca de otros: si decide recomendarnos a un amigo, recopilaremos su nombre y el de terceros, direcciones de correo electr\u00f3nico, direcciones de calles y\/o n\u00fameros de tel\u00e9fono para enviar un correo electr\u00f3nico o catalogar y utilizar esta informaci\u00f3n para comunicarse tanto con usted como con su amigo. Por la presente acepta que obtendr\u00e1 el consentimiento del tercero antes de proporcionarnos sus datos personales. Por la presente acepta no enviarnos los datos de contacto de ning\u00fan menor de edad. Le informaremos a cualquier amigo que invite que usted lo recomend\u00f3 en el correo electr\u00f3nico de invitaci\u00f3n.<\/p>\n\n\n\n<p>Cambio de propiedad u organizaci\u00f3n corporativa: podemos transferir a otra entidad o sus afiliados o proveedores de servicios parte o toda la informaci\u00f3n sobre usted en relaci\u00f3n con, o durante las negociaciones de, cualquier fusi\u00f3n, adquisici\u00f3n, venta de activos o cualquier l\u00ednea de negocio, cambio en control de propiedad, o transacci\u00f3n de financiamiento. No podemos prometer que una parte adquirente o la entidad fusionada tendr\u00e1 las mismas pr\u00e1cticas de privacidad o tratar\u00e1 su informaci\u00f3n de la misma manera que se describe en esta Pol\u00edtica.<\/p>\n\n\n\n<p>Transferencia transfronteriza de datos: si utiliza nuestros Servicios fuera de los Estados Unidos, comprende que podemos recopilar, procesar y almacenar su informaci\u00f3n personal en los Estados Unidos y otros pa\u00edses. Las leyes de los EE. UU. con respecto a la informaci\u00f3n personal pueden ser diferentes de las leyes de su estado o pa\u00eds. Cualquiera de estas transferencias cumplir\u00e1 con las garant\u00edas requeridas por la ley pertinente. Al utilizar los Servicios, acepta la recopilaci\u00f3n, la transferencia internacional, el almacenamiento y el procesamiento de sus datos.<\/p>\n\n\n\n<p>Sus opciones y derechos<br>&nbsp;Si desea que lo eliminemos de una lista de correo del cat\u00e1logo en papel, puede enviarnos un correo electr\u00f3nico yendo al sitio web de las marcas FULLBEAUTY correspondiente que se enumera en la tabla a continuaci\u00f3n y haciendo clic en el enlace de correo electr\u00f3nico en la secci\u00f3n &quot;Cont\u00e1ctenos&quot;. PAGS<br>California Shine the Light: los residentes del estado de California tienen derecho a solicitar informaci\u00f3n de FULLBEAUTY Brands con respecto a otras empresas a las que la empresa haya revelado ciertas categor\u00edas de informaci\u00f3n durante el a\u00f1o anterior para fines de marketing directo de dichas empresas. Si es residente de California y desea realizar dicha solicitud, env\u00ede un correo electr\u00f3nico a&nbsp;<a target=\"_blank\" rel=\"noreferrer noopener\" href=\"mailto:PrivacyOfficer@fbbrands.com\">PrivacyOfficer@fbbrands.com<\/a>&nbsp;o escr\u00edbanos a FULLBEAUTY Brands, Inc., One New York Plaza, New York, NY 10004, Attn: General Counsel.<\/p>\n\n\n\n<p>Ley de Privacidad del Consumidor de California:<br>La Ley de Privacidad del Consumidor de California (&quot;CCPA&quot;) brinda a los residentes de California derechos para recibir ciertas divulgaciones sobre la recopilaci\u00f3n, el uso y el intercambio de &quot;Informaci\u00f3n personal&quot;, as\u00ed como los derechos para conocer\/acceder, eliminar y limitar el intercambio de Informaci\u00f3n personal. . La CCPA define &quot;Informaci\u00f3n personal&quot; como &quot;informaci\u00f3n que identifica, se relaciona con, describe, es razonablemente capaz de asociarse o podr\u00eda vincularse razonablemente, directa o indirectamente, con un consumidor u hogar en particular&quot;. Cierta informaci\u00f3n que recopilamos puede estar exenta de la CCPA porque se considera informaci\u00f3n p\u00fablica (es decir, una entidad gubernamental la pone a disposici\u00f3n) o est\u00e1 cubierta por una ley federal de privacidad espec\u00edfica, como la Ley Gramm-Leach-Bliley, la Ley de seguros m\u00e9dicos. Ley de Portabilidad y Responsabilidad, o Ley de Informes Justos de Cr\u00e9dito.<\/p>\n\n\n\n<p>En la medida en que recopilamos informaci\u00f3n personal que est\u00e1 sujeta a la CCPA, esa informaci\u00f3n, nuestras pr\u00e1cticas y sus derechos se describen a continuaci\u00f3n.<\/p>\n\n\n\n<p>Derecho a la notificaci\u00f3n en el momento de la recopilaci\u00f3n con respecto a las categor\u00edas de informaci\u00f3n personal recopilada<br>Tiene derecho a recibir un aviso de las categor\u00edas de Informaci\u00f3n personal que recopilamos y los fines para los que se utilizar\u00e1n esas categor\u00edas de Informaci\u00f3n personal. Las categor\u00edas que utilizamos para describir la informaci\u00f3n son las enumeradas en la CCPA.<\/p>\n\n\n\n<p>Identificadores personales:<br>Recopilamos su nombre, direcci\u00f3n de correo electr\u00f3nico y direcci\u00f3n postal cuando crea una cuenta o completa una transacci\u00f3n. Si elige crear una cuenta, le asignaremos uno o m\u00e1s identificadores \u00fanicos a su perfil. Tambi\u00e9n recopilamos el nombre y la direcci\u00f3n postal de los destinatarios de los obsequios si utiliza nuestros Servicios para enviarles un pedido directamente. Usamos esta informaci\u00f3n para proporcionar los Servicios, responder a las solicitudes y enviar informaci\u00f3n y anuncios.<br>Recopilamos su identificador de redes sociales y la informaci\u00f3n b\u00e1sica de su cuenta cuando interact\u00faa con nuestros Servicios a trav\u00e9s de las redes sociales. Usamos esta informaci\u00f3n para mejorar nuestros Servicios, responder a sus solicitudes o quejas y enviarle informaci\u00f3n y anuncios.<br>Recopilamos identificadores alfanum\u00e9ricos \u00fanicos, asignados a usted por cookies propias y de terceros, autom\u00e1ticamente cuando utiliza nuestros Servicios para identificarlo, proporcionar los Servicios, mantenerlo conectado a los Servicios, prevenir el fraude y brindarle informaci\u00f3n espec\u00edfica. y ofertas<br>Recopilamos informaci\u00f3n de pago cuando nos la proporciona, que puede incluir su n\u00famero de tarjeta de cr\u00e9dito o un n\u00famero de cuenta bancaria cuando completa una transacci\u00f3n. Puede tener la opci\u00f3n de almacenar esta informaci\u00f3n en su cuenta o configurar una transacci\u00f3n recurrente. Utilizamos esta informaci\u00f3n para agilizar y facilitar los pagos y las transacciones.<br>No recopilamos su n\u00famero de seguro social, n\u00famero de licencia de conducir y n\u00famero de pasaporte.<br>No recopilamos informaci\u00f3n m\u00e9dica ni informaci\u00f3n de salud sobre usted.<br>Recopilamos su direcci\u00f3n IP autom\u00e1ticamente cuando utiliza nuestros Servicios. Usamos esta informaci\u00f3n para identificarlo, evaluar la actividad en l\u00ednea en nuestro sitio web, medir la efectividad de los servicios, aplicaciones y herramientas en l\u00ednea, y publicar anuncios dirigidos en funci\u00f3n de sus actividades en l\u00ednea.<br>Recopilamos la ID de su dispositivo autom\u00e1ticamente cuando utiliza nuestros Servicios. Usamos esta informaci\u00f3n para monitorear su uso y la efectividad de nuestros Servicios, identificarlo y brindarle informaci\u00f3n y ofertas espec\u00edficas.<br>Clasificaciones protegidas: podemos recopilar su edad para verificar su identidad en relaci\u00f3n con Servicios espec\u00edficos. Podemos recopilar su g\u00e9nero, raza, origen \u00e9tnico y religi\u00f3n para medir el atractivo y la eficacia de nuestros Servicios con miembros de grupos particulares y para brindarle informaci\u00f3n, anuncios y ofertas espec\u00edficas.<br>Informaci\u00f3n comercial: cuando realiza transacciones con nosotros, creamos registros de bienes o servicios comprados o considerados, as\u00ed como historiales o tendencias de compra o consumo. Usamos esta informaci\u00f3n para medir la efectividad de nuestros Servicios, evaluar productos que son de su inter\u00e9s, hacer un seguimiento de los pedidos abandonados y brindarle informaci\u00f3n, anuncios y ofertas espec\u00edficas.<br>Informaci\u00f3n de actividad en Internet u otra red electr\u00f3nica: recopilamos informaci\u00f3n sobre su historial de navegaci\u00f3n, historial de b\u00fasqueda, informaci\u00f3n sobre su interacci\u00f3n con nuestros sitios web y aplicaciones o anuncios autom\u00e1ticamente cuando utiliza nuestros Servicios. Usamos esta informaci\u00f3n para medir la actividad en l\u00ednea en nuestro sitio web, medir la efectividad de los servicios, aplicaciones y herramientas en l\u00ednea, y para mostrar anuncios dirigidos basados en sus actividades en l\u00ednea.<br>Datos de geolocalizaci\u00f3n: como se describe anteriormente, recopilamos su direcci\u00f3n IP autom\u00e1ticamente cuando utiliza nuestros Servicios. Es posible que podamos determinar su ubicaci\u00f3n general en funci\u00f3n de la direcci\u00f3n IP. Si permite que su dispositivo nos proporcione esta informaci\u00f3n, la usamos para realizar mejoras en nuestros productos y Servicios, y para proporcionar recomendaciones y publicidad relevante.<br>Informaci\u00f3n de audio, electr\u00f3nica, visual, t\u00e9rmica, olfativa o similar: si se comunica con nosotros por tel\u00e9fono, podemos grabar la llamada. Le notificaremos si se est\u00e1 grabando una llamada al comienzo de la llamada. Puede tener la opci\u00f3n de enviarnos im\u00e1genes de usted mismo en relaci\u00f3n con algunos de nuestros Servicios. De otro modo, no recopilamos su imagen fotogr\u00e1fica o de video, informaci\u00f3n t\u00e9rmica y olfativa similar. Usamos esta informaci\u00f3n para monitorear nuestro servicio al cliente, mantener la seguridad de nuestros sistemas y ubicaciones f\u00edsicas, y capacitar a los empleados.<br>Informaci\u00f3n profesional o laboral: Recopilamos informaci\u00f3n sobre su historial profesional. Usamos esta informaci\u00f3n para mejorar nuestros Servicios y para promocionar nuestros Servicios a otros.<br>Informaci\u00f3n sobre educaci\u00f3n: recopilamos informaci\u00f3n sobre el nivel de educaci\u00f3n que ha alcanzado. Usamos esta informaci\u00f3n para mejorar nuestros Servicios y para promocionar nuestros Servicios a otros.<br>Inferencias extra\u00eddas para crear un perfil sobre un consumidor que refleje las preferencias o caracter\u00edsticas del consumidor: podemos analizar sus preferencias reales o probables, as\u00ed como informaci\u00f3n demogr\u00e1fica real o inferida sobre usted, a trav\u00e9s de una serie de procesos inform\u00e1ticos. En algunas ocasiones, podemos agregar estas observaciones a su perfil interno. Usamos esta informaci\u00f3n para evaluar y desarrollar nuestras actividades de marketing, medir el atractivo y la eficacia de nuestros Servicios, aplicaciones y herramientas, y para brindarle informaci\u00f3n, anuncios y ofertas espec\u00edficos.<br>Podemos utilizar cualquiera de las categor\u00edas de informaci\u00f3n enumeradas anteriormente para otros fines comerciales u operativos compatibles con el contexto en el que se recopil\u00f3 la Informaci\u00f3n personal.<\/p>\n\n\n\n<p>Podemos compartir cualquiera de la informaci\u00f3n mencionada anteriormente con proveedores de servicios, que son empresas que contratamos con fines comerciales para realizar actividades en nuestro nombre. Los proveedores de servicios tienen restringido el uso de informaci\u00f3n personal para cualquier prop\u00f3sito que no est\u00e9 relacionado con nuestro compromiso. Las categor\u00edas de proveedores de servicios con los que compartimos informaci\u00f3n y los servicios que brindan se describen en nuestra Pol\u00edtica de privacidad anterior en la secci\u00f3n titulada &quot;Nuestro intercambio de su informaci\u00f3n&quot;.<\/p>","protected":false},"excerpt":{"rendered":"<p>Esta Pol\u00edtica de privacidad explica: los tipos de informaci\u00f3n que recopilamos a trav\u00e9s de nuestros Servicios, c\u00f3mo usamos y protegemos esa informaci\u00f3n, los tipos de informaci\u00f3n que podemos compartir con otros y en qu\u00e9 circunstancias, las opciones que tiene con respecto a nuestras pr\u00e1cticas de recopilaci\u00f3n, uso y uso compartido, detalles sobre nuestro uso de cookies de terceros. y otras tecnolog\u00edas de rastreo Tambi\u00e9n incluimos divulgaciones espec\u00edficas [\u2026]<\/p>","protected":false},"author":1,"featured_media":0,"parent":0,"menu_order":0,"comment_status":"closed","ping_status":"closed","template":"","meta":{"footnotes":""},"class_list":["post-547","page","type-page","status-publish","hentry"],"_links":{"self":[{"href":"https:\/\/whcisupply.com\/es\/wp-json\/wp\/v2\/pages\/547","targetHints":{"allow":["GET"]}}],"collection":[{"href":"https:\/\/whcisupply.com\/es\/wp-json\/wp\/v2\/pages"}],"about":[{"href":"https:\/\/whcisupply.com\/es\/wp-json\/wp\/v2\/types\/page"}],"author":[{"embeddable":true,"href":"https:\/\/whcisupply.com\/es\/wp-json\/wp\/v2\/users\/1"}],"replies":[{"embeddable":true,"href":"https:\/\/whcisupply.com\/es\/wp-json\/wp\/v2\/comments?post=547"}],"version-history":[{"count":1,"href":"https:\/\/whcisupply.com\/es\/wp-json\/wp\/v2\/pages\/547\/revisions"}],"predecessor-version":[{"id":549,"href":"https:\/\/whcisupply.com\/es\/wp-json\/wp\/v2\/pages\/547\/revisions\/549"}],"wp:attachment":[{"href":"https:\/\/whcisupply.com\/es\/wp-json\/wp\/v2\/media?parent=547"}],"curies":[{"name":"wp","href":"https:\/\/api.w.org\/{rel}","templated":true}]}}