{"id":122,"date":"2021-10-27T17:44:27","date_gmt":"2021-10-27T17:44:27","guid":{"rendered":"https:\/\/whcisupply.com\/?page_id=122"},"modified":"2022-01-28T15:54:53","modified_gmt":"2022-01-28T15:54:53","slug":"services","status":"publish","type":"page","link":"https:\/\/whcisupply.com\/es\/services\/","title":{"rendered":"Servicios"},"content":{"rendered":"<div data-elementor-type=\"wp-page\" data-elementor-id=\"122\" class=\"elementor elementor-122\" data-elementor-settings=\"[]\">\n\t\t\t\t\t\t\t<div class=\"elementor-section-wrap\">\n\t\t\t\t\t\t\t<section class=\"elementor-section elementor-top-section elementor-element elementor-element-5e974a91 elementor-section-full_width elementor-reverse-tablet elementor-reverse-mobile elementor-section-height-default elementor-section-height-default\" data-id=\"5e974a91\" data-element_type=\"section\" id=\"content\">\n\t\t\t\t\t\t<div class=\"elementor-container elementor-column-gap-default\">\n\t\t\t\t\t<div class=\"elementor-column elementor-col-100 elementor-top-column elementor-element elementor-element-23d90d33\" data-id=\"23d90d33\" data-element_type=\"column\">\n\t\t\t<div class=\"elementor-widget-wrap elementor-element-populated\">\n\t\t\t\t\t\t\t\t<div class=\"elementor-element elementor-element-381261c9 elementor-widget elementor-widget-text-editor\" data-id=\"381261c9\" data-element_type=\"widget\" id=\"customer\" data-widget_type=\"text-editor.default\">\n\t\t\t\t<div class=\"elementor-widget-container\">\n\t\t\t\t\t\t\t<h2 style=\"font-size: 3em; color: #404349;\">NUESTRO<\/h2><h2 style=\"font-size: 5em; margin-top: -35px;\">SERVICIOS<\/h2>\t\t\t\t\t\t<\/div>\n\t\t\t\t<\/div>\n\t\t\t\t<section class=\"elementor-section elementor-inner-section elementor-element elementor-element-1ae2ce7 elementor-section-full_width elementor-section-height-default elementor-section-height-default\" data-id=\"1ae2ce7\" data-element_type=\"section\">\n\t\t\t\t\t\t<div class=\"elementor-container elementor-column-gap-default\">\n\t\t\t\t\t<div class=\"elementor-column elementor-col-50 elementor-inner-column elementor-element elementor-element-3aff07e\" data-id=\"3aff07e\" data-element_type=\"column\">\n\t\t\t<div class=\"elementor-widget-wrap elementor-element-populated\">\n\t\t\t\t\t\t\t\t<div class=\"elementor-element elementor-element-569adec7 elementor-widget elementor-widget-text-editor\" data-id=\"569adec7\" data-element_type=\"widget\" data-widget_type=\"text-editor.default\">\n\t\t\t\t<div class=\"elementor-widget-container\">\n\t\t\t\t\t\t\t<p>El compromiso de WHCI con el cliente se extiende mucho m\u00e1s all\u00e1 de los almacenes, e incluye servicios como:<\/p><ul><li>Soporte de emergencia para calentadores de agua comerciales las 24 horas, los 7 d\u00edas de la semana, incluida la entrega las 24 horas.<\/li><\/ul><ul><li>Entregas dos veces al d\u00eda a East Bay y la pen\u00ednsula de San Francisco, y entregas diarias al \u00e1rea de Tri-Valley y San Jos\u00e9; la entrega el mismo d\u00eda tambi\u00e9n est\u00e1 disponible.<\/li><\/ul><ul><li>Remolques en el lugar de trabajo para almacenar suministros de plomer\u00eda y construcci\u00f3n en el sitio sin costo adicional. (Ideal para proyectos m\u00e1s grandes.)<\/li><\/ul><ul><li>Un departamento de cotizaciones bien informado, con representantes dedicados a ayudar a los contratistas a especificar los precios para las propuestas de proyectos.<\/li><\/ul><ul><li>Instalaciones completas de capacitaci\u00f3n y eventos para ayudar a los contratistas a conocer los c\u00f3digos de construcci\u00f3n, las regulaciones de permisos y los productos m\u00e1s nuevos en el mercado.<\/li><\/ul><ul><li>Personal de servicio al cliente que recomienda los productos adecuados para el trabajo y anticipa los problemas antes de que ocurran.<\/li><\/ul>\t\t\t\t\t\t<\/div>\n\t\t\t\t<\/div>\n\t\t\t\t\t<\/div>\n\t\t<\/div>\n\t\t\t\t<div class=\"elementor-column elementor-col-50 elementor-inner-column elementor-element elementor-element-c8b88fd\" data-id=\"c8b88fd\" data-element_type=\"column\" data-settings=\"{&quot;background_background&quot;:&quot;classic&quot;}\">\n\t\t\t<div class=\"elementor-widget-wrap elementor-element-populated\">\n\t\t\t\t\t\t\t\t<div class=\"elementor-element elementor-element-2ede292 elementor-widget elementor-widget-spacer\" data-id=\"2ede292\" data-element_type=\"widget\" data-widget_type=\"spacer.default\">\n\t\t\t\t<div class=\"elementor-widget-container\">\n\t\t\t\t\t<div class=\"elementor-spacer\">\n\t\t\t<div class=\"elementor-spacer-inner\"><\/div>\n\t\t<\/div>\n\t\t\t\t<\/div>\n\t\t\t\t<\/div>\n\t\t\t\t\t<\/div>\n\t\t<\/div>\n\t\t\t\t\t\t\t<\/div>\n\t\t<\/section>\n\t\t\t\t\t<\/div>\n\t\t<\/div>\n\t\t\t\t\t\t\t<\/div>\n\t\t<\/section>\n\t\t\t\t<section class=\"elementor-section elementor-top-section elementor-element elementor-element-5f37840 elementor-section-full_width elementor-reverse-tablet elementor-reverse-mobile elementor-section-height-default elementor-section-height-default\" data-id=\"5f37840\" data-element_type=\"section\" id=\"willcall\">\n\t\t\t\t\t\t<div class=\"elementor-container elementor-column-gap-default\">\n\t\t\t\t\t<div class=\"elementor-column elementor-col-100 elementor-top-column elementor-element elementor-element-74a6f9c9\" data-id=\"74a6f9c9\" data-element_type=\"column\">\n\t\t\t<div class=\"elementor-widget-wrap elementor-element-populated\">\n\t\t\t\t\t\t\t\t<div class=\"elementor-element elementor-element-9dd4d24 elementor-widget-divider--view-line elementor-widget elementor-widget-divider\" data-id=\"9dd4d24\" data-element_type=\"widget\" data-widget_type=\"divider.default\">\n\t\t\t\t<div class=\"elementor-widget-container\">\n\t\t\t\t\t<div class=\"elementor-divider\">\n\t\t\t<span class=\"elementor-divider-separator\">\n\t\t\t\t\t\t<\/span>\n\t\t<\/div>\n\t\t\t\t<\/div>\n\t\t\t\t<\/div>\n\t\t\t\t<div class=\"elementor-element elementor-element-632bd33d elementor-widget elementor-widget-text-editor\" data-id=\"632bd33d\" data-element_type=\"widget\" data-widget_type=\"text-editor.default\">\n\t\t\t\t<div class=\"elementor-widget-container\">\n\t\t\t\t\t\t\t<h2 style=\"font-size: 3em; color: #404349;\">LLAMAR\u00c1<\/h2><h2 style=\"font-size: 5em; margin-top: -35px;\">Y ENTREGA<\/h2>\t\t\t\t\t\t<\/div>\n\t\t\t\t<\/div>\n\t\t\t\t<div class=\"elementor-element elementor-element-458bf5de elementor-widget elementor-widget-text-editor\" data-id=\"458bf5de\" data-element_type=\"widget\" data-widget_type=\"text-editor.default\">\n\t\t\t\t<div class=\"elementor-widget-container\">\n\t\t\t\t\t\t\t<h2>Opciones de servicio convenientes<\/h2><p><strong>Llamar\u00e1 \/ Recoger\u00e1:<\/strong><\/p><p>Tres almacenes convenientes\u00a0<a title=\"Ubicaciones\" href=\"https:\/\/whcisupply.com\/es\/locations\/\">ubicaciones<\/a> est\u00e1n abiertos al p\u00fablico en Union City, Dubl\u00edn y Burlingame.\u00a0<\/p>\t\t\t\t\t\t<\/div>\n\t\t\t\t<\/div>\n\t\t\t\t<section class=\"elementor-section elementor-inner-section elementor-element elementor-element-046e3ba elementor-section-boxed elementor-section-height-default elementor-section-height-default\" data-id=\"046e3ba\" data-element_type=\"section\">\n\t\t\t\t\t\t<div class=\"elementor-container elementor-column-gap-default\">\n\t\t\t\t\t<div class=\"elementor-column elementor-col-33 elementor-inner-column elementor-element elementor-element-2564ee3\" data-id=\"2564ee3\" data-element_type=\"column\">\n\t\t\t<div class=\"elementor-widget-wrap elementor-element-populated\">\n\t\t\t\t\t\t\t\t<div class=\"elementor-element elementor-element-8fc2101 elementor-widget elementor-widget-text-editor\" data-id=\"8fc2101\" data-element_type=\"widget\" data-widget_type=\"text-editor.default\">\n\t\t\t\t<div class=\"elementor-widget-container\">\n\t\t\t\t\t\t\t<p><strong style=\"font-size: 1.1em;\">Ciudad Uni\u00f3n: <a href=\"tel:5104715757\">510-471-5757<\/a><\/strong><\/p><p class=\"ll-at-font ll-at-size ll-at-line-height\"><strong class=\"ll-at-font ll-at-size ll-at-line-height\">Horas:<br class=\"ll-at-font ll-at-size\" \/><\/strong><strong class=\"ll-at-font ll-at-size\">Lun-Vie:<\/strong>\u00a06 a. m. a 5 p. m.<br class=\"ll-at-font ll-at-size\" \/><strong class=\"ll-at-font ll-at-size\">Se sent\u00f3:<\/strong>\u00a0 7:00 a. m. a 12:00 p. m.<\/p><p class=\"ll-at-font ll-at-size ll-at-line-height\"><strong class=\"ll-at-font ll-at-size\">Servicio de calentador de agua 24\/7<\/strong>:<br class=\"ll-at-font ll-at-size\" \/><strong class=\"ll-at-font ll-at-size\">Tel\u00e9fono:<\/strong><strong>\u00a0<a href=\"tel:8882923392\">888-292-3392<\/a><\/strong><\/p>\t\t\t\t\t\t<\/div>\n\t\t\t\t<\/div>\n\t\t\t\t\t<\/div>\n\t\t<\/div>\n\t\t\t\t<div class=\"elementor-column elementor-col-33 elementor-inner-column elementor-element elementor-element-8ec7415\" data-id=\"8ec7415\" data-element_type=\"column\">\n\t\t\t<div class=\"elementor-widget-wrap elementor-element-populated\">\n\t\t\t\t\t\t\t\t<div class=\"elementor-element elementor-element-7599b92 elementor-widget elementor-widget-text-editor\" data-id=\"7599b92\" data-element_type=\"widget\" data-widget_type=\"text-editor.default\">\n\t\t\t\t<div class=\"elementor-widget-container\">\n\t\t\t\t\t\t\t<p><strong>Dubl\u00edn: <a href=\"tel:9259991818\">925-999-1818<\/a><\/strong><\/p><p><strong class=\"ll-at-font ll-at-size ll-at-line-height\">Horas:<br class=\"ll-at-font ll-at-size\" \/><\/strong><strong class=\"ll-at-font ll-at-size\">Lun-Vie:<\/strong>\u00a07 a. m. a 4 p. m.<br class=\"ll-at-font ll-at-size\" \/><strong class=\"ll-at-font ll-at-size\">Fines de semana cerrado<\/strong><\/p>\t\t\t\t\t\t<\/div>\n\t\t\t\t<\/div>\n\t\t\t\t\t<\/div>\n\t\t<\/div>\n\t\t\t\t<div class=\"elementor-column elementor-col-33 elementor-inner-column elementor-element elementor-element-246e2fe\" data-id=\"246e2fe\" data-element_type=\"column\">\n\t\t\t<div class=\"elementor-widget-wrap elementor-element-populated\">\n\t\t\t\t\t\t\t\t<div class=\"elementor-element elementor-element-43363af elementor-widget elementor-widget-text-editor\" data-id=\"43363af\" data-element_type=\"widget\" data-widget_type=\"text-editor.default\">\n\t\t\t\t<div class=\"elementor-widget-container\">\n\t\t\t\t\t\t\t<p><strong>Burlingame:\u00a0<a href=\"tel:6506972288\">650-697-2288<\/a><\/strong><\/p><p><strong class=\"ll-at-font ll-at-size ll-at-line-height\">Horas:<br class=\"ll-at-font ll-at-size\" \/><\/strong><strong class=\"ll-at-font ll-at-size\">Lun-Vie:<\/strong>\u00a06 a. m. a 4 p. m.<br class=\"ll-at-font ll-at-size\" \/><strong class=\"ll-at-font ll-at-size\">Fines de semana cerrado<\/strong><\/p>\t\t\t\t\t\t<\/div>\n\t\t\t\t<\/div>\n\t\t\t\t\t<\/div>\n\t\t<\/div>\n\t\t\t\t\t\t\t<\/div>\n\t\t<\/section>\n\t\t\t\t<section class=\"elementor-section elementor-inner-section elementor-element elementor-element-9023261 elementor-section-boxed elementor-section-height-default elementor-section-height-default\" data-id=\"9023261\" data-element_type=\"section\">\n\t\t\t\t\t\t<div class=\"elementor-container elementor-column-gap-default\">\n\t\t\t\t\t<div class=\"elementor-column elementor-col-50 elementor-inner-column elementor-element elementor-element-84f5216\" data-id=\"84f5216\" data-element_type=\"column\" data-settings=\"{&quot;background_background&quot;:&quot;classic&quot;}\">\n\t\t\t<div class=\"elementor-widget-wrap elementor-element-populated\">\n\t\t\t\t\t\t\t\t<div class=\"elementor-element elementor-element-3dff36a elementor-widget elementor-widget-spacer\" data-id=\"3dff36a\" data-element_type=\"widget\" data-widget_type=\"spacer.default\">\n\t\t\t\t<div class=\"elementor-widget-container\">\n\t\t\t\t\t<div class=\"elementor-spacer\">\n\t\t\t<div class=\"elementor-spacer-inner\"><\/div>\n\t\t<\/div>\n\t\t\t\t<\/div>\n\t\t\t\t<\/div>\n\t\t\t\t\t<\/div>\n\t\t<\/div>\n\t\t\t\t<div class=\"elementor-column elementor-col-50 elementor-inner-column elementor-element elementor-element-976ccb0\" data-id=\"976ccb0\" data-element_type=\"column\">\n\t\t\t<div class=\"elementor-widget-wrap elementor-element-populated\">\n\t\t\t\t\t\t\t\t<div class=\"elementor-element elementor-element-0efdfb4 elementor-widget elementor-widget-text-editor\" data-id=\"0efdfb4\" data-element_type=\"widget\" data-widget_type=\"text-editor.default\">\n\t\t\t\t<div class=\"elementor-widget-container\">\n\t\t\t\t\t\t\t<p><strong>Opciones de entrega:<\/strong><\/p><p>Varias opciones de entrega est\u00e1n disponibles. S\u00f3lo\u00a0<a title=\"Ubicaciones\" href=\"https:\/\/whcisupply.com\/es\/2023\/11\/13\/128\/\">\u00a1llamanos!<\/a><\/p><ul><li>Asistencia de emergencia para calentadores de agua comerciales, incluida la entrega las 24 horas.<\/li><li>Entregas de suministros dos veces al d\u00eda a East Bay y la pen\u00ednsula de San Francisco.<\/li><li>Entregas diarias al \u00e1rea de Tri-Valley y San Jos\u00e9. La entrega el mismo d\u00eda tambi\u00e9n est\u00e1 disponible.<\/li><li>Los remolques en el lugar de trabajo est\u00e1n disponibles para almacenar suministros de plomer\u00eda y construcci\u00f3n en el sitio para proyectos grandes.<\/li><\/ul>\t\t\t\t\t\t<\/div>\n\t\t\t\t<\/div>\n\t\t\t\t\t<\/div>\n\t\t<\/div>\n\t\t\t\t\t\t\t<\/div>\n\t\t<\/section>\n\t\t\t\t\t<\/div>\n\t\t<\/div>\n\t\t\t\t\t\t\t<\/div>\n\t\t<\/section>\n\t\t\t\t<section class=\"elementor-section elementor-top-section elementor-element elementor-element-3e68622 elementor-section-full_width elementor-reverse-tablet elementor-reverse-mobile elementor-section-height-default elementor-section-height-default\" data-id=\"3e68622\" data-element_type=\"section\" id=\"heaters\">\n\t\t\t\t\t\t<div class=\"elementor-container elementor-column-gap-default\">\n\t\t\t\t\t<div class=\"elementor-column elementor-col-100 elementor-top-column elementor-element elementor-element-df8c46d\" data-id=\"df8c46d\" data-element_type=\"column\">\n\t\t\t<div class=\"elementor-widget-wrap elementor-element-populated\">\n\t\t\t\t\t\t\t\t<div class=\"elementor-element elementor-element-121ec90 elementor-widget elementor-widget-text-editor\" data-id=\"121ec90\" data-element_type=\"widget\" data-widget_type=\"text-editor.default\">\n\t\t\t\t<div class=\"elementor-widget-container\">\n\t\t\t\t\t\t\t\t\t\t\t\t\t<\/div>\n\t\t\t\t<\/div>\n\t\t\t\t<div class=\"elementor-element elementor-element-6c88b91 elementor-widget-divider--view-line elementor-widget elementor-widget-divider\" data-id=\"6c88b91\" data-element_type=\"widget\" data-widget_type=\"divider.default\">\n\t\t\t\t<div class=\"elementor-widget-container\">\n\t\t\t\t\t<div class=\"elementor-divider\">\n\t\t\t<span class=\"elementor-divider-separator\">\n\t\t\t\t\t\t<\/span>\n\t\t<\/div>\n\t\t\t\t<\/div>\n\t\t\t\t<\/div>\n\t\t\t\t<div class=\"elementor-element elementor-element-c8d24b3 elementor-widget elementor-widget-text-editor\" data-id=\"c8d24b3\" data-element_type=\"widget\" data-widget_type=\"text-editor.default\">\n\t\t\t\t<div class=\"elementor-widget-container\">\n\t\t\t\t\t\t\t<h2 style=\"font-size: 3em; color: #404349;\">24\/7<\/h2><h2 style=\"font-size: 5em; margin-top: -35px;\">CALENTADORES DE AGUA<\/h2>\t\t\t\t\t\t<\/div>\n\t\t\t\t<\/div>\n\t\t\t\t<div class=\"elementor-element elementor-element-e20e593 elementor-widget elementor-widget-text-editor\" data-id=\"e20e593\" data-element_type=\"widget\" data-widget_type=\"text-editor.default\">\n\t\t\t\t<div class=\"elementor-widget-container\">\n\t\t\t\t\t\t\t<h2>Llamada <a href=\"tel:8882923392\">888-292-3392<\/a><\/h2><p>WHCI ofrece entrega de emergencia de calentadores de agua comerciales de reemplazo las 24 horas del d\u00eda, los siete d\u00edas de la semana. La ayuda est\u00e1 a solo una llamada de distancia. WHCI proporciona calentadores de agua de alta calidad, entregados directamente en los lugares de trabajo, cuando sea necesario.<\/p><p><strong>C\u00f3mo funciona<\/strong><\/p><ul><li>Llame a WHCI las 24 horas del d\u00eda, los 7 d\u00edas de la semana para obtener un reemplazo de emergencia del calentador de agua.<\/li><li>Proporci\u00f3nenos la siguiente informaci\u00f3n sobre el calentador de agua antiguo:<br \/>\u2014 Fabricante<br \/>- N\u00famero de modelo<br \/>\u2014 BTU<br \/>\u2014 Capacidad (en galones.)<\/li><\/ul><ul><li>Antes de nuestra llegada, aseg\u00farese de que el calentador de agua viejo haya sido drenado y desconectado.<\/li><li>Un equipo de WHCI entregar\u00e1 un nuevo calentador de agua en el lugar de trabajo en el momento que usted lo solicite.<\/li><li>Un contratista de plomer\u00eda calificado debe estar presente en el lugar de trabajo en el momento en que llegue WHCI.<\/li><li>WHCI quitar\u00e1 el calentador de agua viejo y se encargar\u00e1 de la eliminaci\u00f3n, y colocaremos el nuevo calentador de agua en su lugar.<\/li><li>Finalmente, todo lo que su plomero debe hacer es conectar el nuevo calentador de agua y encenderlo.<\/li><\/ul><p><br \/>Una palabra de precauci\u00f3n: si una entrega se considera insegura a nuestra llegada, WHCI no puede brindar el servicio.<\/p><p>\u00a0<\/p>\t\t\t\t\t\t<\/div>\n\t\t\t\t<\/div>\n\t\t\t\t\t<\/div>\n\t\t<\/div>\n\t\t\t\t\t\t\t<\/div>\n\t\t<\/section>\n\t\t\t\t\t\t<\/div>\n\t\t\t\t\t<\/div>","protected":false},"excerpt":{"rendered":"<p>NUESTROS SERVICIOS El compromiso de WHCI con el cliente se extiende mucho m\u00e1s all\u00e1 de los almacenes, e incluye servicios como: Soporte de emergencia para calentadores de agua comerciales las 24 horas del d\u00eda, los 7 d\u00edas de la semana, incluida la entrega las 24 horas. Entregas dos veces al d\u00eda a East Bay y la pen\u00ednsula de San Francisco, y entregas diarias al \u00e1rea de Tri-Valley y San Jos\u00e9; la entrega el mismo d\u00eda tambi\u00e9n est\u00e1 disponible. Remolques de obra para almacenar [\u2026]<\/p>","protected":false},"author":1,"featured_media":0,"parent":0,"menu_order":0,"comment_status":"closed","ping_status":"closed","template":"elementor_header_footer","meta":{"footnotes":""},"class_list":["post-122","page","type-page","status-publish","hentry"],"_links":{"self":[{"href":"https:\/\/whcisupply.com\/es\/wp-json\/wp\/v2\/pages\/122","targetHints":{"allow":["GET"]}}],"collection":[{"href":"https:\/\/whcisupply.com\/es\/wp-json\/wp\/v2\/pages"}],"about":[{"href":"https:\/\/whcisupply.com\/es\/wp-json\/wp\/v2\/types\/page"}],"author":[{"embeddable":true,"href":"https:\/\/whcisupply.com\/es\/wp-json\/wp\/v2\/users\/1"}],"replies":[{"embeddable":true,"href":"https:\/\/whcisupply.com\/es\/wp-json\/wp\/v2\/comments?post=122"}],"version-history":[{"count":25,"href":"https:\/\/whcisupply.com\/es\/wp-json\/wp\/v2\/pages\/122\/revisions"}],"predecessor-version":[{"id":525,"href":"https:\/\/whcisupply.com\/es\/wp-json\/wp\/v2\/pages\/122\/revisions\/525"}],"wp:attachment":[{"href":"https:\/\/whcisupply.com\/es\/wp-json\/wp\/v2\/media?parent=122"}],"curies":[{"name":"wp","href":"https:\/\/api.w.org\/{rel}","templated":true}]}}