{"id":109,"date":"2021-10-27T17:42:11","date_gmt":"2021-10-27T17:42:11","guid":{"rendered":"https:\/\/whcisupply.com\/?page_id=109"},"modified":"2022-06-24T15:31:32","modified_gmt":"2022-06-24T15:31:32","slug":"contact-us","status":"publish","type":"page","link":"https:\/\/whcisupply.com\/es\/contact-us\/","title":{"rendered":"Cont\u00e1ctenos"},"content":{"rendered":"<div data-elementor-type=\"wp-page\" data-elementor-id=\"109\" class=\"elementor elementor-109\" data-elementor-settings=\"[]\">\n\t\t\t\t\t\t\t<div class=\"elementor-section-wrap\">\n\t\t\t\t\t\t\t<section class=\"elementor-section elementor-top-section elementor-element elementor-element-e1db2af elementor-section-full_width elementor-reverse-tablet elementor-reverse-mobile elementor-section-height-default elementor-section-height-default\" data-id=\"e1db2af\" data-element_type=\"section\">\n\t\t\t\t\t\t<div class=\"elementor-container elementor-column-gap-default\">\n\t\t\t\t\t<div class=\"elementor-column elementor-col-100 elementor-top-column elementor-element elementor-element-1b2fda44\" data-id=\"1b2fda44\" data-element_type=\"column\">\n\t\t\t<div class=\"elementor-widget-wrap elementor-element-populated\">\n\t\t\t\t\t\t\t\t<section class=\"elementor-section elementor-inner-section elementor-element elementor-element-7ba32f4e elementor-section-boxed elementor-section-height-default elementor-section-height-default\" data-id=\"7ba32f4e\" data-element_type=\"section\">\n\t\t\t\t\t\t<div class=\"elementor-container elementor-column-gap-default\">\n\t\t\t\t\t<div class=\"elementor-column elementor-col-100 elementor-inner-column elementor-element elementor-element-41040dfd\" data-id=\"41040dfd\" data-element_type=\"column\">\n\t\t\t<div class=\"elementor-widget-wrap elementor-element-populated\">\n\t\t\t\t\t\t\t\t<div class=\"elementor-element elementor-element-618392ab elementor-widget elementor-widget-text-editor\" data-id=\"618392ab\" data-element_type=\"widget\" data-widget_type=\"text-editor.default\">\n\t\t\t\t<div class=\"elementor-widget-container\">\n\t\t\t\t\t\t\t<h2 style=\"font-size: 3em; color: #404349;\">\u00bfNECESITAR ALGO?<\/h2><h2 style=\"font-size: 5em; margin-top: -35px;\">CONT\u00c1CTENOS<\/h2>\t\t\t\t\t\t<\/div>\n\t\t\t\t<\/div>\n\t\t\t\t<div class=\"elementor-element elementor-element-89c94fb elementor-icon-list--layout-inline elementor-list-item-link-full_width elementor-widget elementor-widget-icon-list\" data-id=\"89c94fb\" data-element_type=\"widget\" data-widget_type=\"icon-list.default\">\n\t\t\t\t<div class=\"elementor-widget-container\">\n\t\t\t\t\t<ul class=\"elementor-icon-list-items elementor-inline-items\">\n\t\t\t\t\t\t\t<li class=\"elementor-icon-list-item elementor-inline-item\">\n\t\t\t\t\t\t\t\t\t\t\t<span class=\"elementor-icon-list-icon\">\n\t\t\t\t\t\t\t<i aria-hidden=\"true\" class=\"fas fa-map-marker-alt\"><\/i>\t\t\t\t\t\t<\/span>\n\t\t\t\t\t\t\t\t\t\t<span class=\"elementor-icon-list-text\"><b>Oficina principal: <\/b> <br>Empresa de suministros de plomer\u00eda WHCI <br> Camino Volpey 2900 <br> Ciudad Uni\u00f3n, CA 94587<\/span>\n\t\t\t\t\t\t\t\t\t<\/li>\n\t\t\t\t\t\t\t\t<li class=\"elementor-icon-list-item elementor-inline-item\">\n\t\t\t\t\t\t\t\t\t\t\t<a href=\"tel:5104715757\">\n\n\t\t\t\t\t\t\t\t\t\t\t\t<span class=\"elementor-icon-list-icon\">\n\t\t\t\t\t\t\t<i aria-hidden=\"true\" class=\"fas fa-phone-alt\"><\/i>\t\t\t\t\t\t<\/span>\n\t\t\t\t\t\t\t\t\t\t<span class=\"elementor-icon-list-text\"><b> Llamanos: <\/b> <br><span class=\"blue\">510-471-5757<\/span><\/span>\n\t\t\t\t\t\t\t\t\t\t\t<\/a>\n\t\t\t\t\t\t\t\t\t<\/li>\n\t\t\t\t\t\t\t\t<li class=\"elementor-icon-list-item elementor-inline-item\">\n\t\t\t\t\t\t\t\t\t\t\t<a href=\"tel:8882923392\">\n\n\t\t\t\t\t\t\t\t\t\t\t\t<span class=\"elementor-icon-list-icon\">\n\t\t\t\t\t\t\t<i aria-hidden=\"true\" class=\"fas fa-tools\"><\/i>\t\t\t\t\t\t<\/span>\n\t\t\t\t\t\t\t\t\t\t<span class=\"elementor-icon-list-text\"><b> Servicio de calentador de agua 24\/7: <\/b> <br><span class=\"blue\">888-292-3392<\/span><\/span>\n\t\t\t\t\t\t\t\t\t\t\t<\/a>\n\t\t\t\t\t\t\t\t\t<\/li>\n\t\t\t\t\t\t<\/ul>\n\t\t\t\t<\/div>\n\t\t\t\t<\/div>\n\t\t\t\t<div class=\"elementor-element elementor-element-fb4e8c6 elementor-widget-divider--view-line elementor-widget elementor-widget-divider\" data-id=\"fb4e8c6\" data-element_type=\"widget\" data-widget_type=\"divider.default\">\n\t\t\t\t<div class=\"elementor-widget-container\">\n\t\t\t\t\t<div class=\"elementor-divider\">\n\t\t\t<span class=\"elementor-divider-separator\">\n\t\t\t\t\t\t<\/span>\n\t\t<\/div>\n\t\t\t\t<\/div>\n\t\t\t\t<\/div>\n\t\t\t\t<div class=\"elementor-element elementor-element-a1c1ada elementor-widget elementor-widget-text-editor\" data-id=\"a1c1ada\" data-element_type=\"widget\" data-widget_type=\"text-editor.default\">\n\t\t\t\t<div class=\"elementor-widget-container\">\n\t\t\t\t\t\t\t<p><b>Mandanos un mensaje:<\/b><br \/>Proporcione la informaci\u00f3n solicitada en el siguiente formulario y uno de nuestros representantes de atenci\u00f3n al cliente se comunicar\u00e1 con usted lo antes posible. Los campos marcados con (*) son obligatorios para que podamos contactarlo a la brevedad.<\/p>\t\t\t\t\t\t<\/div>\n\t\t\t\t<\/div>\n\t\t\t\t<div class=\"elementor-element elementor-element-1ec2e61 elementor-button-align-stretch elementor-widget elementor-widget-form\" data-id=\"1ec2e61\" data-element_type=\"widget\" data-settings=\"{&quot;step_next_label&quot;:&quot;Next&quot;,&quot;step_previous_label&quot;:&quot;Previous&quot;,&quot;button_width&quot;:&quot;100&quot;,&quot;step_type&quot;:&quot;number_text&quot;,&quot;step_icon_shape&quot;:&quot;circle&quot;}\" data-widget_type=\"form.default\">\n\t\t\t\t<div class=\"elementor-widget-container\">\n\t\t\t\t\t<form class=\"elementor-form\" method=\"post\" name=\"New Form\" action=\"\">\n\t\t\t<input type=\"hidden\" name=\"post_id\" value=\"109\"\/>\n\t\t\t<input type=\"hidden\" name=\"form_id\" value=\"1ec2e61\"\/>\n\t\t\t<input type=\"hidden\" name=\"referer_title\" value=\"\" \/>\n\n\t\t\t\n\t\t\t<div class=\"elementor-form-fields-wrapper elementor-labels-above\">\n\t\t\t\t\t\t\t\t<div class=\"elementor-field-type-text elementor-field-group elementor-column elementor-field-group-name elementor-col-50 elementor-field-required\">\n\t\t\t\t\t<label for=\"form-field-name\" class=\"elementor-field-label\">Primer nombre<\/label><input size=\"1\" type=\"text\" name=\"form_fields[name]\" id=\"form-field-name\" class=\"elementor-field elementor-size-sm  elementor-field-textual\" placeholder=\"Primer nombre\" required=\"required\" aria-required=\"true\">\t\t\t\t<\/div>\n\t\t\t\t\t\t\t\t<div class=\"elementor-field-type-text elementor-field-group elementor-column elementor-field-group-field_ae34ed0 elementor-col-50 elementor-field-required\">\n\t\t\t\t\t<label for=\"form-field-field_ae34ed0\" class=\"elementor-field-label\">Apellido<\/label><input size=\"1\" type=\"text\" name=\"form_fields[field_ae34ed0]\" id=\"form-field-field_ae34ed0\" class=\"elementor-field elementor-size-sm  elementor-field-textual\" placeholder=\"Apellido\" required=\"required\" aria-required=\"true\">\t\t\t\t<\/div>\n\t\t\t\t\t\t\t\t<div class=\"elementor-field-type-text elementor-field-group elementor-column elementor-field-group-field_bb5c7ce elementor-col-50\">\n\t\t\t\t\t<label for=\"form-field-field_bb5c7ce\" class=\"elementor-field-label\">Tel\u00e9fono<\/label><input size=\"1\" type=\"text\" name=\"form_fields[field_bb5c7ce]\" id=\"form-field-field_bb5c7ce\" class=\"elementor-field elementor-size-sm  elementor-field-textual\" placeholder=\"Tel\u00e9fono\">\t\t\t\t<\/div>\n\t\t\t\t\t\t\t\t<div class=\"elementor-field-type-email elementor-field-group elementor-column elementor-field-group-field_6672b96 elementor-col-50 elementor-field-required\">\n\t\t\t\t\t<label for=\"form-field-field_6672b96\" class=\"elementor-field-label\">Correo electr\u00f3nico<\/label><input size=\"1\" type=\"email\" name=\"form_fields[field_6672b96]\" id=\"form-field-field_6672b96\" class=\"elementor-field elementor-size-sm  elementor-field-textual\" placeholder=\"Correo electr\u00f3nico\" required=\"required\" aria-required=\"true\">\t\t\t\t<\/div>\n\t\t\t\t\t\t\t\t<div class=\"elementor-field-type-select elementor-field-group elementor-column elementor-field-group-field_6a8c78f elementor-col-100\">\n\t\t\t\t\t<label for=\"form-field-field_6a8c78f\" class=\"elementor-field-label\">Tipo de solicitud<\/label>\t\t<div class=\"elementor-field elementor-select-wrapper\">\n\t\t\t<select name=\"form_fields[field_6a8c78f]\" id=\"form-field-field_6a8c78f\" class=\"elementor-field-textual elementor-size-sm\">\n\t\t\t\t<option value=\"Sales\">Ventas<\/option><option value=\"Customer Service\">Servicio al Cliente<\/option><option value=\"Credit\">Cr\u00e9dito<\/option><option value=\"Human Resources\">Recursos humanos<\/option><option value=\"General Information\">Informaci\u00f3n general<\/option><option value=\"Other\">Otro<\/option><option value=\"Select\">Seleccione<\/option><option value=\"\"><\/option><option value=\"\"><\/option>\t\t\t<\/select>\n\t\t<\/div>\n\t\t\t\t\t\t<\/div>\n\t\t\t\t\t\t\t\t<div class=\"elementor-field-type-text elementor-field-group elementor-column elementor-field-group-email elementor-col-50\">\n\t\t\t\t\t<label for=\"form-field-email\" class=\"elementor-field-label\">nombre de empresa<\/label><input size=\"1\" type=\"text\" name=\"form_fields[email]\" id=\"form-field-email\" class=\"elementor-field elementor-size-sm  elementor-field-textual\" placeholder=\"nombre de empresa\">\t\t\t\t<\/div>\n\t\t\t\t\t\t\t\t<div class=\"elementor-field-type-select elementor-field-group elementor-column elementor-field-group-field_aefc9b4 elementor-col-50\">\n\t\t\t\t\t<label for=\"form-field-field_aefc9b4\" class=\"elementor-field-label\">N\u00famero de empleados<\/label>\t\t<div class=\"elementor-field elementor-select-wrapper\">\n\t\t\t<select name=\"form_fields[field_aefc9b4]\" id=\"form-field-field_aefc9b4\" class=\"elementor-field-textual elementor-size-sm\">\n\t\t\t\t<option value=\"1-20\">1-20<\/option><option value=\"21-50\">21-50<\/option><option value=\"51-100\">51-100<\/option><option value=\"more than 100\">Mas que 100<\/option><option value=\"Select\">Seleccione<\/option>\t\t\t<\/select>\n\t\t<\/div>\n\t\t\t\t\t\t<\/div>\n\t\t\t\t\t\t\t\t<div class=\"elementor-field-type-textarea elementor-field-group elementor-column elementor-field-group-message elementor-col-100 elementor-field-required\">\n\t\t\t\t\t<label for=\"form-field-message\" class=\"elementor-field-label\">Comentarios<\/label><textarea class=\"elementor-field-textual elementor-field  elementor-size-sm\" name=\"form_fields[message]\" id=\"form-field-message\" rows=\"4\" placeholder=\"Comentarios\" required=\"required\" aria-required=\"true\"><\/textarea>\t\t\t\t<\/div>\n\t\t\t\t\t\t\t\t<div class=\"elementor-field-type-checkbox elementor-field-group elementor-column elementor-field-group-field_3b764de elementor-col-100\">\n\t\t\t\t\t<label for=\"form-field-field_3b764de\" class=\"elementor-field-label\">\u00bfC\u00f3mo prefiere ser contactado?<\/label><div class=\"elementor-field-subgroup\"><span class=\"elementor-field-option\"><input type=\"checkbox\" value=\"Email\" id=\"form-field-field_3b764de-0\" name=\"form_fields[field_3b764de][]\"> <label for=\"form-field-field_3b764de-0\">Correo electr\u00f3nico<\/label><\/span><span class=\"elementor-field-option\"><input type=\"checkbox\" value=\"Phone\" id=\"form-field-field_3b764de-1\" name=\"form_fields[field_3b764de][]\"> <label for=\"form-field-field_3b764de-1\">Tel\u00e9fono<\/label><\/span><span class=\"elementor-field-option\"><input type=\"checkbox\" value=\"Mail\" id=\"form-field-field_3b764de-2\" name=\"form_fields[field_3b764de][]\"> <label for=\"form-field-field_3b764de-2\">Correo<\/label><\/span><\/div>\t\t\t\t<\/div>\n\t\t\t\t\t\t\t\t<div class=\"elementor-field-type-text\">\n\t\t\t\t\t<input size=\"1\" type=\"text\" name=\"form_fields[field_fa0a58d]\" id=\"form-field-field_fa0a58d\" class=\"elementor-field elementor-size-sm\" style=\"display:none !important;\">\t\t\t\t<\/div>\n\t\t\t\t\t\t\t\t<div class=\"elementor-field-type-recaptcha_v3 elementor-field-group elementor-column elementor-field-group-field_3bbc45f elementor-col-100 recaptcha_v3-bottomleft\">\n\t\t\t\t\t<div class=\"elementor-field\" id=\"form-field-field_3bbc45f\"><div class=\"elementor-g-recaptcha\" data-sitekey=\"6LfozkkbAAAAAC2jfYloOC9TrDLzi2uzg1d3u1rt\" data-type=\"v3\" data-action=\"Form\" data-badge=\"bottomleft\" data-size=\"invisible\"><\/div><\/div>\t\t\t\t<\/div>\n\t\t\t\t\t\t\t\t<div class=\"elementor-field-group elementor-column elementor-field-type-submit elementor-col-100 e-form__buttons\">\n\t\t\t\t\t<button type=\"submit\" class=\"elementor-button elementor-size-md\">\n\t\t\t\t\t\t<span >\n\t\t\t\t\t\t\t\t\t\t\t\t\t\t\t<span class=\"elementor-button-icon\">\n\t\t\t\t\t\t\t\t\t\t\t\t\t\t\t\t\t\t\t\t\t\t\t\t\t\t<\/span>\n\t\t\t\t\t\t\t\t\t\t\t\t\t\t\t\t\t\t\t\t\t\t<span class=\"elementor-button-text\">Enviar<\/span>\n\t\t\t\t\t\t\t\t\t\t\t\t\t<\/span>\n\t\t\t\t\t<\/button>\n\t\t\t\t<\/div>\n\t\t\t<\/div>\n\t\t<input type=\"hidden\" name=\"trp-form-language\" value=\"es\"\/><\/form>\n\t\t\t\t<\/div>\n\t\t\t\t<\/div>\n\t\t\t\t\t<\/div>\n\t\t<\/div>\n\t\t\t\t\t\t\t<\/div>\n\t\t<\/section>\n\t\t\t\t\t<\/div>\n\t\t<\/div>\n\t\t\t\t\t\t\t<\/div>\n\t\t<\/section>\n\t\t\t\t\t\t<\/div>\n\t\t\t\t\t<\/div>","protected":false},"excerpt":{"rendered":"<p>\u00bfNECESITAR ALGO? CONT\u00c1CTENOS Oficina principal: WHCI Plumbing Supply Company 2900 Volpey Way Union City, CA 94587 Ll\u00e1menos: 510-471-5757 Servicio de calentador de agua las 24 horas, los 7 d\u00edas de la semana: 888-292-3392 Env\u00edenos un mensaje: Proporcione la informaci\u00f3n solicitada en el siguiente formulario y uno de nuestros representantes de atenci\u00f3n al cliente se comunicar\u00e1 con usted lo antes posible. Los campos marcados [\u2026]<\/p>","protected":false},"author":1,"featured_media":0,"parent":0,"menu_order":0,"comment_status":"closed","ping_status":"closed","template":"elementor_header_footer","meta":{"footnotes":""},"class_list":["post-109","page","type-page","status-publish","hentry"],"_links":{"self":[{"href":"https:\/\/whcisupply.com\/es\/wp-json\/wp\/v2\/pages\/109","targetHints":{"allow":["GET"]}}],"collection":[{"href":"https:\/\/whcisupply.com\/es\/wp-json\/wp\/v2\/pages"}],"about":[{"href":"https:\/\/whcisupply.com\/es\/wp-json\/wp\/v2\/types\/page"}],"author":[{"embeddable":true,"href":"https:\/\/whcisupply.com\/es\/wp-json\/wp\/v2\/users\/1"}],"replies":[{"embeddable":true,"href":"https:\/\/whcisupply.com\/es\/wp-json\/wp\/v2\/comments?post=109"}],"version-history":[{"count":25,"href":"https:\/\/whcisupply.com\/es\/wp-json\/wp\/v2\/pages\/109\/revisions"}],"predecessor-version":[{"id":590,"href":"https:\/\/whcisupply.com\/es\/wp-json\/wp\/v2\/pages\/109\/revisions\/590"}],"wp:attachment":[{"href":"https:\/\/whcisupply.com\/es\/wp-json\/wp\/v2\/media?parent=109"}],"curies":[{"name":"wp","href":"https:\/\/api.w.org\/{rel}","templated":true}]}}